{"id":436,"date":"2024-12-27T02:27:04","date_gmt":"2024-12-27T02:27:04","guid":{"rendered":"https:\/\/amonfr.com\/?page_id=436"},"modified":"2024-12-27T02:27:05","modified_gmt":"2024-12-27T02:27:05","slug":"resposible-gaming","status":"publish","type":"page","link":"https:\/\/amonfr.com\/fr\/resposible-gaming\/","title":{"rendered":"Jeu Responsable"},"content":{"rendered":"\n<p><strong>Quand le plaisir s&rsquo;arr\u00eate<\/strong>&nbsp;<br>Pour la plupart des gens, le jeu est un divertissement, et c&rsquo;est certainement la fa\u00e7on dont nous, chez Amon Casino, voulons qu&rsquo;il soit v\u00e9cu. Nous voulons que vous vous amusiez lorsque vous jouez au poker avec vos amis, que vous tentez votre chance au casino ou que vous regardez votre \u00e9quipe pr\u00e9f\u00e9r\u00e9e, en esp\u00e9rant que votre ticket sera gagnant.<\/p>\n\n\n\n<p>Cependant, pour certaines personnes, le jeu peut devenir un probl\u00e8me en d\u00e9pensant trop de temps et\/ou d&rsquo;argent.<\/p>\n\n\n\n<p>Sur cette page, vous trouverez de l&rsquo;aide et des informations sur le jeu responsable. Entre autres choses, vous pouvez vous tester pour voir si vous contr\u00f4lez toujours votre jeu, et vous pouvez d\u00e9finir des limites de jeu sur le montant d&rsquo;argent que vous vous autorisez \u00e0 utiliser sur une base quotidienne, hebdomadaire ou mensuelle. Des \u00e9tudes montrent que les probl\u00e8mes de jeu sont r\u00e9duits lorsque les clients d\u00e9cident \u00e0 l&rsquo;avance combien ils peuvent d\u00e9penser. Nous recommandons fortement \u00e0 chacun de fixer ses propres limites.<\/p>\n\n\n\n<p>Vous pouvez d\u00e9finir des limites quotidiennes, hebdomadaires ou mensuelles sur le montant que vous pouvez d\u00e9poser sur votre compte en contactant le service client. Envoyez simplement un e-mail serviceclient@amoncasino.com<\/p>\n\n\n\n<p><strong>Besoin de faire une pause ?<\/strong>&nbsp;<br>Parfois, la passion peut prendre le dessus. Nous pouvons vous proposer une vari\u00e9t\u00e9 d&rsquo;options de pause, allant de 24 heures \u00e0 12 mois d&rsquo;auto-exclusion &#8211; veuillez contacter notre service client.<\/p>\n\n\n\n<p>Si vous souhaitez voir votre activit\u00e9 avant de vous d\u00e9cider, vous pouvez toujours consulter les transactions que vous avez effectu\u00e9es en vous rendant sur vos pages &lsquo;Profil&rsquo;.<\/p>\n\n\n\n<p><strong>Test d&rsquo;auto-\u00e9valuation<\/strong>&nbsp;<br>Si vous \u00eates pr\u00e9occup\u00e9 par votre jeu ou si vous soup\u00e7onnez que vous d\u00e9veloppez un probl\u00e8me de jeu, veuillez essayer notre test d&rsquo;auto-\u00e9valuation. Les r\u00e9sultats vous aideront \u00e0 comprendre vos habitudes de jeu et vous aideront \u00e0 r\u00e9soudre tout probl\u00e8me de jeu potentiel. Si vous \u00eates pr\u00e9occup\u00e9 par le r\u00e9sultat de votre test, faites une pause ou contactez notre service client\u00e8le pour recevoir de l&rsquo;aide et des conseils suppl\u00e9mentaires.<\/p>\n\n\n\n<p><strong>Trouver de l&rsquo;aide<\/strong>&nbsp;<br>Si vous rencontrez des probl\u00e8mes de jeu, nous vous recommandons d&rsquo;en parler \u00e0 quelqu&rsquo;un. Parfois, parler avec un expert est une \u00e9tape importante si vous souhaitez apporter un changement.<\/p>\n\n\n\n<p><strong>Support d&rsquo;assitance compl\u00e9mentaire&nbsp;:<\/strong>&nbsp;<br>SOS joueurs :&nbsp;<a href=\"http:\/\/sosjoueurs.org\/\">http:\/\/sosjoueurs.org\/<\/a><\/p>\n","protected":false},"excerpt":{"rendered":"<p>Quand le plaisir s&rsquo;arr\u00eate&nbsp;Pour la plupart des gens, le jeu est un divertissement, et c&rsquo;est certainement la fa\u00e7on dont nous, chez Amon Casino, voulons qu&rsquo;il soit v\u00e9cu. Nous voulons que vous vous amusiez lorsque vous jouez au poker avec vos amis, que vous tentez votre chance au casino ou que vous regardez votre \u00e9quipe pr\u00e9f\u00e9r\u00e9e, [&hellip;]<\/p>\n","protected":false},"author":1,"featured_media":0,"parent":0,"menu_order":0,"comment_status":"closed","ping_status":"closed","template":"page-no-sidebar.php","meta":{"footnotes":""},"class_list":["post-436","page","type-page","status-publish","hentry"],"yoast_head":"<!-- This site is optimized with the Yoast SEO plugin v24.1 - https:\/\/yoast.com\/wordpress\/plugins\/seo\/ -->\n<title>Jeu Responsable - Casino Amon France<\/title>\n<meta name=\"robots\" content=\"index, follow, max-snippet:-1, max-image-preview:large, max-video-preview:-1\" \/>\n<link rel=\"canonical\" href=\"https:\/\/amonfr.com\/fr\/resposible-gaming\/\" \/>\n<meta property=\"og:locale\" content=\"fr_FR\" \/>\n<meta property=\"og:type\" content=\"article\" \/>\n<meta property=\"og:title\" content=\"Jeu Responsable - Casino Amon France\" \/>\n<meta property=\"og:description\" content=\"Quand le plaisir s&rsquo;arr\u00eate&nbsp;Pour la plupart des gens, le jeu est un divertissement, et c&rsquo;est certainement la fa\u00e7on dont nous, chez Amon Casino, voulons qu&rsquo;il soit v\u00e9cu. Nous voulons que vous vous amusiez lorsque vous jouez au poker avec vos amis, que vous tentez votre chance au casino ou que vous regardez votre \u00e9quipe pr\u00e9f\u00e9r\u00e9e, [&hellip;]\" \/>\n<meta property=\"og:url\" content=\"https:\/\/amonfr.com\/fr\/resposible-gaming\/\" \/>\n<meta property=\"og:site_name\" content=\"Casino Amon France\" \/>\n<meta property=\"article:modified_time\" content=\"2024-12-27T02:27:05+00:00\" \/>\n<meta name=\"twitter:card\" content=\"summary_large_image\" \/>\n<meta name=\"twitter:label1\" content=\"Dur\u00e9e de lecture estim\u00e9e\" \/>\n\t<meta name=\"twitter:data1\" content=\"2 minutes\" \/>\n<script type=\"application\/ld+json\" class=\"yoast-schema-graph\">{\"@context\":\"https:\/\/schema.org\",\"@graph\":[{\"@type\":\"WebPage\",\"@id\":\"https:\/\/amonfr.com\/fr\/resposible-gaming\/\",\"url\":\"https:\/\/amonfr.com\/fr\/resposible-gaming\/\",\"name\":\"Jeu Responsable - Casino Amon France\",\"isPartOf\":{\"@id\":\"\/#website\"},\"datePublished\":\"2024-12-27T02:27:04+00:00\",\"dateModified\":\"2024-12-27T02:27:05+00:00\",\"breadcrumb\":{\"@id\":\"https:\/\/amonfr.com\/fr\/resposible-gaming\/#breadcrumb\"},\"inLanguage\":\"fr-FR\",\"potentialAction\":[{\"@type\":\"ReadAction\",\"target\":[\"https:\/\/amonfr.com\/fr\/resposible-gaming\/\"]}]},{\"@type\":\"BreadcrumbList\",\"@id\":\"https:\/\/amonfr.com\/fr\/resposible-gaming\/#breadcrumb\",\"itemListElement\":[{\"@type\":\"ListItem\",\"position\":1,\"name\":\"Home\",\"item\":\"https:\/\/amonfr.com\/fr\/\"},{\"@type\":\"ListItem\",\"position\":2,\"name\":\"Jeu Responsable\"}]},{\"@type\":\"WebSite\",\"@id\":\"\/#website\",\"url\":\"\/\",\"name\":\"Casino Amon France\",\"description\":\"\",\"publisher\":{\"@id\":\"\/#organization\"},\"potentialAction\":[{\"@type\":\"SearchAction\",\"target\":{\"@type\":\"EntryPoint\",\"urlTemplate\":\"\/?s={search_term_string}\"},\"query-input\":{\"@type\":\"PropertyValueSpecification\",\"valueRequired\":true,\"valueName\":\"search_term_string\"}}],\"inLanguage\":\"fr-FR\"},{\"@type\":\"Organization\",\"@id\":\"\/#organization\",\"name\":\"Casino Amon France\",\"url\":\"\/\",\"logo\":{\"@type\":\"ImageObject\",\"inLanguage\":\"fr-FR\",\"@id\":\"\/#\/schema\/logo\/image\/\",\"url\":\"https:\/\/amonfr.com\/fr\/wp-content\/uploads\/2024\/12\/logo.webp\",\"contentUrl\":\"https:\/\/amonfr.com\/fr\/wp-content\/uploads\/2024\/12\/logo.webp\",\"width\":139,\"height\":43,\"caption\":\"Casino Amon France\"},\"image\":{\"@id\":\"\/#\/schema\/logo\/image\/\"}}]}<\/script>\n<!-- \/ Yoast SEO plugin. -->","yoast_head_json":{"title":"Jeu Responsable - Casino Amon France","robots":{"index":"index","follow":"follow","max-snippet":"max-snippet:-1","max-image-preview":"max-image-preview:large","max-video-preview":"max-video-preview:-1"},"canonical":"https:\/\/amonfr.com\/fr\/resposible-gaming\/","og_locale":"fr_FR","og_type":"article","og_title":"Jeu Responsable - Casino Amon France","og_description":"Quand le plaisir s&rsquo;arr\u00eate&nbsp;Pour la plupart des gens, le jeu est un divertissement, et c&rsquo;est certainement la fa\u00e7on dont nous, chez Amon Casino, voulons qu&rsquo;il soit v\u00e9cu. Nous voulons que vous vous amusiez lorsque vous jouez au poker avec vos amis, que vous tentez votre chance au casino ou que vous regardez votre \u00e9quipe pr\u00e9f\u00e9r\u00e9e, [&hellip;]","og_url":"https:\/\/amonfr.com\/fr\/resposible-gaming\/","og_site_name":"Casino Amon France","article_modified_time":"2024-12-27T02:27:05+00:00","twitter_card":"summary_large_image","twitter_misc":{"Dur\u00e9e de lecture estim\u00e9e":"2 minutes"},"schema":{"@context":"https:\/\/schema.org","@graph":[{"@type":"WebPage","@id":"https:\/\/amonfr.com\/fr\/resposible-gaming\/","url":"https:\/\/amonfr.com\/fr\/resposible-gaming\/","name":"Jeu Responsable - Casino Amon France","isPartOf":{"@id":"\/#website"},"datePublished":"2024-12-27T02:27:04+00:00","dateModified":"2024-12-27T02:27:05+00:00","breadcrumb":{"@id":"https:\/\/amonfr.com\/fr\/resposible-gaming\/#breadcrumb"},"inLanguage":"fr-FR","potentialAction":[{"@type":"ReadAction","target":["https:\/\/amonfr.com\/fr\/resposible-gaming\/"]}]},{"@type":"BreadcrumbList","@id":"https:\/\/amonfr.com\/fr\/resposible-gaming\/#breadcrumb","itemListElement":[{"@type":"ListItem","position":1,"name":"Home","item":"https:\/\/amonfr.com\/fr\/"},{"@type":"ListItem","position":2,"name":"Jeu Responsable"}]},{"@type":"WebSite","@id":"\/#website","url":"\/","name":"Casino Amon France","description":"","publisher":{"@id":"\/#organization"},"potentialAction":[{"@type":"SearchAction","target":{"@type":"EntryPoint","urlTemplate":"\/?s={search_term_string}"},"query-input":{"@type":"PropertyValueSpecification","valueRequired":true,"valueName":"search_term_string"}}],"inLanguage":"fr-FR"},{"@type":"Organization","@id":"\/#organization","name":"Casino Amon France","url":"\/","logo":{"@type":"ImageObject","inLanguage":"fr-FR","@id":"\/#\/schema\/logo\/image\/","url":"https:\/\/amonfr.com\/fr\/wp-content\/uploads\/2024\/12\/logo.webp","contentUrl":"https:\/\/amonfr.com\/fr\/wp-content\/uploads\/2024\/12\/logo.webp","width":139,"height":43,"caption":"Casino Amon France"},"image":{"@id":"\/#\/schema\/logo\/image\/"}}]}},"_links":{"self":[{"href":"https:\/\/amonfr.com\/fr\/wp-json\/wp\/v2\/pages\/436","targetHints":{"allow":["GET"]}}],"collection":[{"href":"https:\/\/amonfr.com\/fr\/wp-json\/wp\/v2\/pages"}],"about":[{"href":"https:\/\/amonfr.com\/fr\/wp-json\/wp\/v2\/types\/page"}],"author":[{"embeddable":true,"href":"https:\/\/amonfr.com\/fr\/wp-json\/wp\/v2\/users\/1"}],"replies":[{"embeddable":true,"href":"https:\/\/amonfr.com\/fr\/wp-json\/wp\/v2\/comments?post=436"}],"version-history":[{"count":1,"href":"https:\/\/amonfr.com\/fr\/wp-json\/wp\/v2\/pages\/436\/revisions"}],"predecessor-version":[{"id":438,"href":"https:\/\/amonfr.com\/fr\/wp-json\/wp\/v2\/pages\/436\/revisions\/438"}],"wp:attachment":[{"href":"https:\/\/amonfr.com\/fr\/wp-json\/wp\/v2\/media?parent=436"}],"curies":[{"name":"wp","href":"https:\/\/api.w.org\/{rel}","templated":true}]}}