{"id":433,"date":"2024-12-27T02:26:09","date_gmt":"2024-12-27T02:26:09","guid":{"rendered":"https:\/\/amonfr.com\/?page_id=433"},"modified":"2024-12-27T02:26:09","modified_gmt":"2024-12-27T02:26:09","slug":"contact","status":"publish","type":"page","link":"https:\/\/amonfr.com\/fr\/contact\/","title":{"rendered":"Contact"},"content":{"rendered":"\n<h2 class=\"wp-block-heading\">Support<\/h2>\n\n\n\n<p>Envoyez-nous un e-mail \u00e0 : <a href=\"mailto:support@amonfr.com\">support@amonfr.com<\/a><\/p>\n\n\n\n<h2 class=\"wp-block-heading\">Offres de partenariat<\/h2>\n\n\n\n<p>Envoyez-nous un e-mail \u00e0 : <a href=\"mailto:partners@amonfr.com\">partners@amonfr.com<\/a><\/p>\n\n\n\n<h2 class=\"wp-block-heading\">Presse<\/h2>\n\n\n\n<p>Envoyez-nous un e-mail \u00e0 : <a href=\"mailto:press@amonfr.com\">press@amonfr.com<\/a><\/p>\n\n\n\n<p>Vous pouvez \u00e9galement nous contacter via le formulaire suivant :<\/p>\n\n\n\n<p><\/p>\n\n\n\n<div class=\"wpcf7 no-js\" id=\"wpcf7-f380-o1\" lang=\"en-US\" dir=\"ltr\" data-wpcf7-id=\"380\">\n<div class=\"screen-reader-response\"><p role=\"status\" aria-live=\"polite\" aria-atomic=\"true\"><\/p> <ul><\/ul><\/div>\n<form action=\"\/fr\/wp-json\/wp\/v2\/pages\/433#wpcf7-f380-o1\" method=\"post\" class=\"wpcf7-form init\" aria-label=\"Contact form\" novalidate=\"novalidate\" data-status=\"init\">\n<div style=\"display: none;\">\n<input type=\"hidden\" name=\"_wpcf7\" value=\"380\" \/>\n<input type=\"hidden\" name=\"_wpcf7_version\" value=\"6.0.2\" \/>\n<input type=\"hidden\" name=\"_wpcf7_locale\" value=\"en_US\" \/>\n<input type=\"hidden\" name=\"_wpcf7_unit_tag\" value=\"wpcf7-f380-o1\" \/>\n<input type=\"hidden\" name=\"_wpcf7_container_post\" value=\"0\" \/>\n<input type=\"hidden\" name=\"_wpcf7_posted_data_hash\" value=\"\" \/>\n<\/div>\n<p><label> Votre nom<br \/>\n<span class=\"wpcf7-form-control-wrap\" data-name=\"your-name\"><input size=\"40\" maxlength=\"400\" class=\"wpcf7-form-control wpcf7-text wpcf7-validates-as-required\" autocomplete=\"name\" aria-required=\"true\" aria-invalid=\"false\" value=\"\" type=\"text\" name=\"your-name\" \/><\/span> <\/label>\n<\/p>\n<p><label> Votre e-mail<br \/>\n<span class=\"wpcf7-form-control-wrap\" data-name=\"your-email\"><input size=\"40\" maxlength=\"400\" class=\"wpcf7-form-control wpcf7-email wpcf7-validates-as-required wpcf7-text wpcf7-validates-as-email\" autocomplete=\"email\" aria-required=\"true\" aria-invalid=\"false\" value=\"\" type=\"email\" name=\"your-email\" \/><\/span> <\/label>\n<\/p>\n<p><label> Sujet<br \/>\n<span class=\"wpcf7-form-control-wrap\" data-name=\"your-subject\"><input size=\"40\" maxlength=\"400\" class=\"wpcf7-form-control wpcf7-text wpcf7-validates-as-required\" aria-required=\"true\" aria-invalid=\"false\" value=\"\" type=\"text\" name=\"your-subject\" \/><\/span> <\/label>\n<\/p>\n<p><label> Votre message (optional)<br \/>\n<span class=\"wpcf7-form-control-wrap\" data-name=\"your-message\"><textarea cols=\"40\" rows=\"10\" maxlength=\"2000\" class=\"wpcf7-form-control wpcf7-textarea\" aria-invalid=\"false\" name=\"your-message\"><\/textarea><\/span> <\/label>\n<\/p>\n<p><input class=\"wpcf7-form-control wpcf7-submit has-spinner\" type=\"submit\" value=\"Envoyer\" \/>\n<\/p><div class=\"wpcf7-response-output\" aria-hidden=\"true\"><\/div>\n<\/form>\n<\/div>\n\n\n\n\n<p><\/p>\n\n\n\n<center><iframe data-src=\"https:\/\/www.google.com\/maps\/embed?pb=!1m18!1m12!1m3!1d20823.56125986116!2d2.4863395743163976!3d49.27743640000002!2m3!1f0!2f0!3f0!3m2!1i1024!2i768!4f13.1!3m3!1m2!1s0x47e635b8973553a1%3A0x31702f2e01ef8388!2sHLM%20D%C3%A9partement%20de%20l&#39;Oise!5e0!3m2!1sen!2sfr!4v1735266326357!5m2!1sen!2sfr\" width=\"600\" height=\"450\" style=\"border:0;\" allowfullscreen=\"\" loading=\"lazy\" referrerpolicy=\"no-referrer-when-downgrade\" src=\"data:image\/gif;base64,R0lGODlhAQABAAAAACH5BAEKAAEALAAAAAABAAEAAAICTAEAOw==\" class=\"lazyload\" data-load-mode=\"1\"><\/iframe><\/center>\n","protected":false},"excerpt":{"rendered":"<p>Support Envoyez-nous un e-mail \u00e0 : support@amonfr.com Offres de partenariat Envoyez-nous un e-mail \u00e0 : partners@amonfr.com Presse Envoyez-nous un e-mail \u00e0 : press@amonfr.com Vous pouvez \u00e9galement nous contacter via le formulaire suivant :<\/p>\n","protected":false},"author":1,"featured_media":0,"parent":0,"menu_order":0,"comment_status":"closed","ping_status":"closed","template":"page-no-sidebar.php","meta":{"footnotes":""},"class_list":["post-433","page","type-page","status-publish","hentry"],"yoast_head":"<!-- This site is optimized with the Yoast SEO plugin v24.1 - https:\/\/yoast.com\/wordpress\/plugins\/seo\/ -->\n<title>Contact - Casino Amon France<\/title>\n<meta name=\"robots\" content=\"index, follow, max-snippet:-1, max-image-preview:large, max-video-preview:-1\" \/>\n<link rel=\"canonical\" href=\"https:\/\/amonfr.com\/fr\/contact\/\" \/>\n<meta property=\"og:locale\" content=\"fr_FR\" \/>\n<meta property=\"og:type\" content=\"article\" \/>\n<meta property=\"og:title\" content=\"Contact - Casino Amon France\" \/>\n<meta property=\"og:description\" content=\"Support Envoyez-nous un e-mail \u00e0 : support@amonfr.com Offres de partenariat Envoyez-nous un e-mail \u00e0 : partners@amonfr.com Presse Envoyez-nous un e-mail \u00e0 : press@amonfr.com Vous pouvez \u00e9galement nous contacter via le formulaire suivant :\" \/>\n<meta property=\"og:url\" content=\"https:\/\/amonfr.com\/fr\/contact\/\" \/>\n<meta property=\"og:site_name\" content=\"Casino Amon France\" \/>\n<meta name=\"twitter:card\" content=\"summary_large_image\" \/>\n<meta name=\"twitter:label1\" content=\"Dur\u00e9e de lecture estim\u00e9e\" \/>\n\t<meta name=\"twitter:data1\" content=\"1 minute\" \/>\n<script type=\"application\/ld+json\" class=\"yoast-schema-graph\">{\"@context\":\"https:\/\/schema.org\",\"@graph\":[{\"@type\":\"WebPage\",\"@id\":\"https:\/\/amonfr.com\/fr\/contact\/\",\"url\":\"https:\/\/amonfr.com\/fr\/contact\/\",\"name\":\"Contact - Casino Amon France\",\"isPartOf\":{\"@id\":\"\/#website\"},\"datePublished\":\"2024-12-27T02:26:09+00:00\",\"dateModified\":\"2024-12-27T02:26:09+00:00\",\"breadcrumb\":{\"@id\":\"https:\/\/amonfr.com\/fr\/contact\/#breadcrumb\"},\"inLanguage\":\"fr-FR\",\"potentialAction\":[{\"@type\":\"ReadAction\",\"target\":[\"https:\/\/amonfr.com\/fr\/contact\/\"]}]},{\"@type\":\"BreadcrumbList\",\"@id\":\"https:\/\/amonfr.com\/fr\/contact\/#breadcrumb\",\"itemListElement\":[{\"@type\":\"ListItem\",\"position\":1,\"name\":\"Home\",\"item\":\"https:\/\/amonfr.com\/fr\/\"},{\"@type\":\"ListItem\",\"position\":2,\"name\":\"Contact\"}]},{\"@type\":\"WebSite\",\"@id\":\"\/#website\",\"url\":\"\/\",\"name\":\"Casino Amon France\",\"description\":\"\",\"publisher\":{\"@id\":\"\/#organization\"},\"potentialAction\":[{\"@type\":\"SearchAction\",\"target\":{\"@type\":\"EntryPoint\",\"urlTemplate\":\"\/?s={search_term_string}\"},\"query-input\":{\"@type\":\"PropertyValueSpecification\",\"valueRequired\":true,\"valueName\":\"search_term_string\"}}],\"inLanguage\":\"fr-FR\"},{\"@type\":\"Organization\",\"@id\":\"\/#organization\",\"name\":\"Casino Amon France\",\"url\":\"\/\",\"logo\":{\"@type\":\"ImageObject\",\"inLanguage\":\"fr-FR\",\"@id\":\"\/#\/schema\/logo\/image\/\",\"url\":\"https:\/\/amonfr.com\/fr\/wp-content\/uploads\/2024\/12\/logo.webp\",\"contentUrl\":\"https:\/\/amonfr.com\/fr\/wp-content\/uploads\/2024\/12\/logo.webp\",\"width\":139,\"height\":43,\"caption\":\"Casino Amon France\"},\"image\":{\"@id\":\"\/#\/schema\/logo\/image\/\"}}]}<\/script>\n<!-- \/ Yoast SEO plugin. -->","yoast_head_json":{"title":"Contact - Casino Amon France","robots":{"index":"index","follow":"follow","max-snippet":"max-snippet:-1","max-image-preview":"max-image-preview:large","max-video-preview":"max-video-preview:-1"},"canonical":"https:\/\/amonfr.com\/fr\/contact\/","og_locale":"fr_FR","og_type":"article","og_title":"Contact - Casino Amon France","og_description":"Support Envoyez-nous un e-mail \u00e0 : support@amonfr.com Offres de partenariat Envoyez-nous un e-mail \u00e0 : partners@amonfr.com Presse Envoyez-nous un e-mail \u00e0 : press@amonfr.com Vous pouvez \u00e9galement nous contacter via le formulaire suivant :","og_url":"https:\/\/amonfr.com\/fr\/contact\/","og_site_name":"Casino Amon France","twitter_card":"summary_large_image","twitter_misc":{"Dur\u00e9e de lecture estim\u00e9e":"1 minute"},"schema":{"@context":"https:\/\/schema.org","@graph":[{"@type":"WebPage","@id":"https:\/\/amonfr.com\/fr\/contact\/","url":"https:\/\/amonfr.com\/fr\/contact\/","name":"Contact - Casino Amon France","isPartOf":{"@id":"\/#website"},"datePublished":"2024-12-27T02:26:09+00:00","dateModified":"2024-12-27T02:26:09+00:00","breadcrumb":{"@id":"https:\/\/amonfr.com\/fr\/contact\/#breadcrumb"},"inLanguage":"fr-FR","potentialAction":[{"@type":"ReadAction","target":["https:\/\/amonfr.com\/fr\/contact\/"]}]},{"@type":"BreadcrumbList","@id":"https:\/\/amonfr.com\/fr\/contact\/#breadcrumb","itemListElement":[{"@type":"ListItem","position":1,"name":"Home","item":"https:\/\/amonfr.com\/fr\/"},{"@type":"ListItem","position":2,"name":"Contact"}]},{"@type":"WebSite","@id":"\/#website","url":"\/","name":"Casino Amon France","description":"","publisher":{"@id":"\/#organization"},"potentialAction":[{"@type":"SearchAction","target":{"@type":"EntryPoint","urlTemplate":"\/?s={search_term_string}"},"query-input":{"@type":"PropertyValueSpecification","valueRequired":true,"valueName":"search_term_string"}}],"inLanguage":"fr-FR"},{"@type":"Organization","@id":"\/#organization","name":"Casino Amon France","url":"\/","logo":{"@type":"ImageObject","inLanguage":"fr-FR","@id":"\/#\/schema\/logo\/image\/","url":"https:\/\/amonfr.com\/fr\/wp-content\/uploads\/2024\/12\/logo.webp","contentUrl":"https:\/\/amonfr.com\/fr\/wp-content\/uploads\/2024\/12\/logo.webp","width":139,"height":43,"caption":"Casino Amon France"},"image":{"@id":"\/#\/schema\/logo\/image\/"}}]}},"_links":{"self":[{"href":"https:\/\/amonfr.com\/fr\/wp-json\/wp\/v2\/pages\/433","targetHints":{"allow":["GET"]}}],"collection":[{"href":"https:\/\/amonfr.com\/fr\/wp-json\/wp\/v2\/pages"}],"about":[{"href":"https:\/\/amonfr.com\/fr\/wp-json\/wp\/v2\/types\/page"}],"author":[{"embeddable":true,"href":"https:\/\/amonfr.com\/fr\/wp-json\/wp\/v2\/users\/1"}],"replies":[{"embeddable":true,"href":"https:\/\/amonfr.com\/fr\/wp-json\/wp\/v2\/comments?post=433"}],"version-history":[{"count":1,"href":"https:\/\/amonfr.com\/fr\/wp-json\/wp\/v2\/pages\/433\/revisions"}],"predecessor-version":[{"id":435,"href":"https:\/\/amonfr.com\/fr\/wp-json\/wp\/v2\/pages\/433\/revisions\/435"}],"wp:attachment":[{"href":"https:\/\/amonfr.com\/fr\/wp-json\/wp\/v2\/media?parent=433"}],"curies":[{"name":"wp","href":"https:\/\/api.w.org\/{rel}","templated":true}]}}